{"id":6847,"date":"2020-12-21T15:16:55","date_gmt":"2020-12-21T14:16:55","guid":{"rendered":"https:\/\/edorteam.com\/nosaltres\/"},"modified":"2026-05-04T17:31:41","modified_gmt":"2026-05-04T15:31:41","slug":"nosaltres","status":"publish","type":"page","link":"https:\/\/nova.edorteam.com\/ca\/nosaltres\/","title":{"rendered":"Nosaltres"},"content":{"rendered":"<div class=\"et_pb_section_0 et_pb_section et_section_regular et_block_section et_animated\"><div class=\"et_pb_row_0 et_pb_row et_block_row\"><div class=\"et_pb_column_0 et_pb_column et_pb_column_4_4 et-last-child et_block_column et_pb_css_mix_blend_mode_passthrough\"><div class=\"et_pb_image_0 et_pb_image et_pb_module et_block_module\"><span class=\"et_pb_image_wrap\"><img loading=\"lazy\" decoding=\"async\" src=\"https:\/\/nova.edorteam.com\/wp-content\/uploads\/logo-edorteam.png\" width=\"250\" height=\"71\" srcset=\"https:\/\/nova.edorteam.com\/wp-content\/uploads\/logo-edorteam.png 250w\" sizes=\"(max-width: 250px) 100vw, 250px\" class=\"wp-image-14163\" title=\"logo-edorteam\" \/><\/span><\/div><\/div><\/div><\/div><div class=\"et_pb_section_1 et_pb_section et_section_regular et_block_section\"><div class=\"et_pb_row_1 et_pb_row et_pb_equal_columns et_pb_gutters2 et_block_row\"><div class=\"et_pb_column_1 et_pb_column et_pb_column_3_5 et_block_column et_pb_css_mix_blend_mode_passthrough\"><div class=\"et_pb_text_0 et_pb_text et_pb_bg_layout_light et_pb_module et_block_module\"><div class=\"et_pb_text_inner\"><h2>Consultora tecnol\u00f2gica amb m\u00e9s de 30 anys d'experi\u00e8ncia<\/h2>\n<\/div><\/div><div class=\"et_pb_text_1 et_pb_text et_pb_bg_layout_light et_pb_module et_block_module\"><div class=\"et_pb_text_inner\"><p>Edorteam \u00e9s una consultora tecnol\u00f2gica <strong>especialista en ciberseguretat i protecci\u00f3 de dades<\/strong>. La nostra ra\u00f3 de ser \u00e9s vetllar pel compliment normatiu de les empreses, protegint el teu negoci i les dades que custodia.<\/p>\n<p>Comptem amb seus a Lleida i Madrid, i oferim cobertura nacional a trav\u00e9s de distribu\u00efdors associats. Al sector des del 1992, m\u00e9s de 30 anys de traject\u00f2ria i una \u00e0mplia experi\u00e8ncia amb pimes i grans empreses d'\u00e0mbit nacional ens avalen.<\/p>\n<\/div><\/div><div class=\"et_pb_text_2 et_pb_text et_pb_bg_layout_light et_pb_module et_block_module\"><div class=\"et_pb_text_inner\"><h3>Ens diferencia la <strong>uni\u00f3 entre consultoria legal i solucions inform\u00e0tiques a mida<\/strong> per garantir que compleixis amb la llei tant a nivell administratiu com a nivell t\u00e8cnic.<\/h3>\n<\/div><\/div><div class=\"et_pb_divider_0 et_pb_divider et_pb_space et_pb_divider_position_top et_pb_module\"><div class=\"et_pb_divider_internal\"><\/div><\/div><div class=\"et_pb_text_3 et_pb_text et_pb_bg_layout_light et_pb_module et_block_module\"><div class=\"et_pb_text_inner\"><p>Per aix\u00f2, comptem amb un equip hum\u00e0 format per un <strong>departament legal,<\/strong> que l'integren advocats, llicenciats en dret i consultors amb \u00e0mplia experi\u00e8ncia en compliment normatiu, i un <strong>departament tecnol\u00f2gic<\/strong> especialitzat en ciberseguretat, serveis IT i solucions software.<\/p>\n<p>Gr\u00e0cies a aquesta naturalesa multidisciplinar, oferim l'aut\u00e8ntic servei integral. Partint de la consultoria jur\u00eddica, <strong>identifiquem els riscos d'incompliment<\/strong> a qu\u00e8 s'enfronten les empreses, les assessorem i definim els objectius estrat\u00e8gics de millora, seguiment i formaci\u00f3 continuada a l'equip professional.<\/p>\n<p>En cas de detectar amenaces per a la xarxa inform\u00e0tica empresarial, entra en acci\u00f3 l'<strong>equip t\u00e8cnic de sistemes i software,<\/strong> que s'encarregar\u00e0 d'implantar les millores recomanades a l'empresa, tant programari com maquinari. Aix\u00f2 inclou solucions per al teletreball que compleixin la recent llei de treball a dist\u00e0ncia.<\/p>\n<\/div><\/div><\/div><div class=\"et_pb_column_2 et_pb_column et_pb_column_2_5 et-last-child et_block_column et_pb_css_mix_blend_mode_passthrough\"><div class=\"et_pb_divider_1 et_pb_divider_hidden et_pb_space et_pb_divider_position_top et_pb_module\"><div class=\"et_pb_divider_internal\"><\/div><\/div><\/div><\/div><div class=\"et_pb_row_2 et_pb_row et_block_row\"><div class=\"et_pb_column_3 et_pb_column et_pb_column_1_3 et_block_column et_pb_css_mix_blend_mode_passthrough\"><div class=\"et_pb_blurb_0 et_pb_blurb et_pb_bg_layout_light et_pb_blurb_position_top et_pb_module et_block_module\"><div class=\"et_pb_blurb_content\"><div class=\"et_pb_main_blurb_image\"><span class=\"et_pb_image_wrap\"><span class=\"et-pb-icon et_animated et_animated\">\ue0d9<\/span><\/span><\/div><div class=\"et_pb_blurb_container\"><h3 class=\"et_pb_module_header\">Som especialistes en seguretat inform\u00e0tica, protecci\u00f3 de dades i transformaci\u00f3 digital.<\/h3><\/div><\/div><\/div><\/div><div class=\"et_pb_column_4 et_pb_column et_pb_column_1_3 et_block_column et_pb_css_mix_blend_mode_passthrough\"><div class=\"et_pb_blurb_1 et_pb_blurb et_pb_bg_layout_light et_pb_blurb_position_top et_pb_module et_block_module\"><div class=\"et_pb_blurb_content\"><div class=\"et_pb_main_blurb_image\"><span class=\"et_pb_image_wrap\"><span class=\"et-pb-icon et_animated et_animated\">\ue0ff<\/span><\/span><\/div><div class=\"et_pb_blurb_container\"><h3 class=\"et_pb_module_header\">Ens distingeix la nostra \u00e8tica professional, comprom\u00eds per una feina ben feta i tracte amable i personalitzat.<\/h3><\/div><\/div><\/div><\/div><div class=\"et_pb_column_5 et_pb_column et_pb_column_1_3 et-last-child et_block_column et_pb_css_mix_blend_mode_passthrough\"><div class=\"et_pb_blurb_2 et_pb_blurb et_pb_bg_layout_light et_pb_blurb_position_top et_pb_module et_block_module\"><div class=\"et_pb_blurb_content\"><div class=\"et_pb_main_blurb_image\"><span class=\"et_pb_image_wrap\"><span class=\"et-pb-icon et_animated et_animated\">\ue01c<\/span><\/span><\/div><div class=\"et_pb_blurb_container\"><h3 class=\"et_pb_module_header\">Al sector des de 1992, una s\u00f2lida experi\u00e8ncia i coneixement especialitzat ens avalen.<\/h3><\/div><\/div><\/div><\/div><\/div><div class=\"et_pb_row_3 et_pb_row et_block_row\"><div class=\"et_pb_column_6 et_pb_column et_pb_column_1_3 et_block_column et_pb_column_empty et_pb_css_mix_blend_mode_passthrough\"><\/div><div class=\"et_pb_column_7 et_pb_column et_pb_column_2_3 et-last-child et_block_column et_pb_css_mix_blend_mode_passthrough\"><div class=\"et_pb_text_4 et_pb_text et_pb_bg_layout_light et_pb_module et_block_module\"><div class=\"et_pb_text_inner\"><p>Som especialistes en:<\/p>\n<\/div><\/div><\/div><\/div><div class=\"et_pb_row_4 et_pb_row et_block_row\"><div class=\"et_pb_column_8 et_pb_column et_pb_column_1_3 et_block_column et_pb_css_mix_blend_mode_passthrough\"><div class=\"et_pb_image_1 et_pb_image et_animated et_pb_module et_block_module\"><span class=\"et_pb_image_wrap\"><img loading=\"lazy\" decoding=\"async\" src=\"https:\/\/nova.edorteam.com\/wp-content\/uploads\/reunions.jpg\" width=\"600\" height=\"446\" srcset=\"https:\/\/nova.edorteam.com\/wp-content\/uploads\/reunions.jpg 600w, https:\/\/nova.edorteam.com\/wp-content\/uploads\/reunions-480x357.jpg 480w\" sizes=\"(min-width: 0px) and (max-width: 480px) 480px, (min-width: 481px) 600px, 100vw\" class=\"wp-image-14111\" title=\"reunions\" alt=\"Disseny de software per a empreses\" \/><\/span><\/div><\/div><div class=\"et_pb_column_9 et_pb_column et_pb_column_1_3 et_block_column et_pb_css_mix_blend_mode_passthrough\"><div class=\"et_pb_blurb_3 et_pb_blurb et_pb_bg_layout_light et_pb_blurb_position_left et_pb_module et_block_module\"><div class=\"et_pb_blurb_content\"><div class=\"et_pb_main_blurb_image\"><span class=\"et_pb_image_wrap\"><span class=\"et-pb-icon et_animated et_animated\">N<\/span><\/span><\/div><div class=\"et_pb_blurb_container\"><h4 class=\"et_pb_module_header\">Seguretat inform\u00e0tica<\/h4><\/div><\/div><\/div><div class=\"et_pb_blurb_4 et_pb_blurb et_pb_bg_layout_light et_pb_blurb_position_left et_pb_module et_block_module\"><div class=\"et_pb_blurb_content\"><div class=\"et_pb_main_blurb_image\"><span class=\"et_pb_image_wrap\"><span class=\"et-pb-icon et_animated et_animated\">N<\/span><\/span><\/div><div class=\"et_pb_blurb_container\"><h4 class=\"et_pb_module_header\">Protecci\u00f3 de dades<\/h4><\/div><\/div><\/div><div class=\"et_pb_blurb_5 et_pb_blurb et_pb_bg_layout_light et_pb_blurb_position_left et_pb_module et_block_module\"><div class=\"et_pb_blurb_content\"><div class=\"et_pb_main_blurb_image\"><span class=\"et_pb_image_wrap\"><span class=\"et-pb-icon et_animated et_animated\">N<\/span><\/span><\/div><div class=\"et_pb_blurb_container\"><h4 class=\"et_pb_module_header\">Llei de Prevenci\u00f3 de Blanqueig de Capitals<\/h4><\/div><\/div><\/div><div class=\"et_pb_blurb_6 et_pb_blurb et_pb_bg_layout_light et_pb_blurb_position_left et_pb_module et_block_module\"><div class=\"et_pb_blurb_content\"><div class=\"et_pb_main_blurb_image\"><span class=\"et_pb_image_wrap\"><span class=\"et-pb-icon et_animated et_animated\">N<\/span><\/span><\/div><div class=\"et_pb_blurb_container\"><h4 class=\"et_pb_module_header\">Compliance Penal<\/h4><\/div><\/div><\/div><\/div><div class=\"et_pb_column_10 et_pb_column et_pb_column_1_3 et-last-child et_block_column et_pb_css_mix_blend_mode_passthrough\"><div class=\"et_pb_blurb_7 et_pb_blurb et_pb_bg_layout_light et_pb_blurb_position_left et_pb_module et_block_module\"><div class=\"et_pb_blurb_content\"><div class=\"et_pb_main_blurb_image\"><span class=\"et_pb_image_wrap\"><span class=\"et-pb-icon et_animated et_animated\">N<\/span><\/span><\/div><div class=\"et_pb_blurb_container\"><h4 class=\"et_pb_module_header\">Transformaci\u00f3 digital<\/h4><\/div><\/div><\/div><div class=\"et_pb_blurb_8 et_pb_blurb et_pb_bg_layout_light et_pb_blurb_position_left et_pb_module et_block_module\"><div class=\"et_pb_blurb_content\"><div class=\"et_pb_main_blurb_image\"><span class=\"et_pb_image_wrap\"><span class=\"et-pb-icon et_animated et_animated\">N<\/span><\/span><\/div><div class=\"et_pb_blurb_container\"><h4 class=\"et_pb_module_header\">Solucions al n\u00favol<\/h4><\/div><\/div><\/div><div class=\"et_pb_blurb_9 et_pb_blurb et_pb_bg_layout_light et_pb_blurb_position_left et_pb_module et_block_module\"><div class=\"et_pb_blurb_content\"><div class=\"et_pb_main_blurb_image\"><span class=\"et_pb_image_wrap\"><span class=\"et-pb-icon et_animated et_animated\">N<\/span><\/span><\/div><div class=\"et_pb_blurb_container\"><h4 class=\"et_pb_module_header\">Hosting i p\u00e0gines web<\/h4><\/div><\/div><\/div><div class=\"et_pb_blurb_10 et_pb_blurb et_pb_bg_layout_light et_pb_blurb_position_left et_pb_module et_block_module\"><div class=\"et_pb_blurb_content\"><div class=\"et_pb_main_blurb_image\"><span class=\"et_pb_image_wrap\"><span class=\"et-pb-icon et_animated et_animated\">N<\/span><\/span><\/div><div class=\"et_pb_blurb_container\"><h4 class=\"et_pb_module_header\">Hardware i suport t\u00e8cnic<\/h4><\/div><\/div><\/div><\/div><\/div><div class=\"et_pb_row_5 et_pb_row et_block_row\"><div class=\"et_pb_column_11 et_pb_column et_pb_column_1_3 et_block_column et_pb_css_mix_blend_mode_passthrough\"><div class=\"et_pb_text_5 et_pb_text et_pb_bg_layout_light et_pb_module et_block_module\"><div class=\"et_pb_text_inner\"><h3>Disposar d'un departament jur\u00eddic intern \u00e9s un aspecte determinant per al desenvolupament i implantaci\u00f3 del nostre software legaltech.<\/h3>\n<\/div><\/div><div class=\"et_pb_divider_2 et_pb_divider et_pb_space et_pb_divider_position_top et_pb_module\"><div class=\"et_pb_divider_internal\"><\/div><\/div><\/div><div class=\"et_pb_column_12 et_pb_column et_pb_column_2_3 et-last-child et_block_column et_pb_css_mix_blend_mode_passthrough\"><div class=\"et_pb_text_6 et_pb_text et_pb_bg_layout_light et_pb_module et_block_module\"><div class=\"et_pb_text_inner\"><p><strong><\/strong><\/p>\n<p>Per a nosaltres, cada client \u00e9s \u00fanic en la seva gesti\u00f3 i objectius, de manera que \u00e9s fonamental aportar una s\u00f2lida experi\u00e8ncia i coneixement de el sector, solucions espec\u00edfiques i atenci\u00f3 personalitzada per obtenir resultats \u00f2ptims.<\/p>\n<\/div><\/div><\/div><\/div><\/div><div class=\"et_pb_section_2 et_pb_section et_section_regular et_block_section\"><div class=\"et_pb_row_6 et_pb_row et_block_row\"><div class=\"et_pb_column_13 et_pb_column et_pb_column_2_3 et_block_column et_pb_css_mix_blend_mode_passthrough\"><div class=\"et_pb_text_7 et_pb_text et_pb_bg_layout_light et_pb_module et_block_module\"><div class=\"et_pb_text_inner\"><h2>Coneix la nostra traject\u00f2ria<\/h2>\n<\/div><\/div><div class=\"et_pb_text_8 et_pb_text et_pb_bg_layout_light et_pb_module et_block_module\"><div class=\"et_pb_text_inner\">\t\t\t\t<h3 class=\"timeline-express-no-announcements-found\">\n\n\t\t\t\t\t\n\t\t\t\t<\/h3>\n\t\t\t<!-- Timeline Express Free v1.8.1 | Site: https:\/\/www.wp-timelineexpress.com | Author: CodeParrots - http:\/\/www.codeparrots.com -->\n<\/div><\/div><\/div><div class=\"et_pb_column_14 et_pb_column et_pb_column_1_3 et-last-child et_block_column et_pb_css_mix_blend_mode_passthrough\"><div class=\"et_pb_image_2 et_pb_image et_animated et_pb_module et_block_module\"><span class=\"et_pb_image_wrap\"><img loading=\"lazy\" decoding=\"async\" src=\"https:\/\/nova.edorteam.com\/wp-content\/uploads\/empresa-software-trayectoria-decadas-espana.jpg\" width=\"667\" height=\"1000\" srcset=\"https:\/\/nova.edorteam.com\/wp-content\/uploads\/empresa-software-trayectoria-decadas-espana.jpg 667w, https:\/\/nova.edorteam.com\/wp-content\/uploads\/empresa-software-trayectoria-decadas-espana-600x900.jpg 600w\" sizes=\"(max-width: 667px) 100vw, 667px\" class=\"wp-image-1774\" title=\"empresa-programari-traject\u00f2ria-decades-espana\" alt=\"Disseny de software per a empreses\" \/><\/span><\/div><\/div><\/div><\/div>","protected":false},"excerpt":{"rendered":"","protected":false},"author":1,"featured_media":0,"parent":0,"menu_order":0,"comment_status":"closed","ping_status":"closed","template":"","meta":{"footnotes":""},"class_list":["post-6847","page","type-page","status-publish","hentry"],"yoast_head":"<!-- This site is optimized with the Yoast SEO plugin v27.5 - https:\/\/yoast.com\/product\/yoast-seo-wordpress\/ -->\n<title>Nosaltres - Edorteam<\/title>\n<meta name=\"description\" content=\"Nosaltres\" \/>\n<meta name=\"robots\" content=\"noindex, follow, max-snippet:-1, max-image-preview:large, max-video-preview:-1\" \/>\n<meta property=\"og:locale\" content=\"ca_ES\" \/>\n<meta property=\"og:type\" content=\"article\" \/>\n<meta property=\"og:title\" content=\"Nosaltres - Edorteam\" \/>\n<meta property=\"og:description\" content=\"Nosaltres\" \/>\n<meta property=\"og:url\" content=\"https:\/\/nova.edorteam.com\/ca\/nosaltres\/\" \/>\n<meta property=\"og:site_name\" content=\"Edorteam\" \/>\n<meta property=\"article:publisher\" content=\"https:\/\/www.facebook.com\/edorteam\/\" \/>\n<meta property=\"article:modified_time\" content=\"2026-05-04T15:31:41+00:00\" \/>\n<meta property=\"og:image\" content=\"https:\/\/nova.edorteam.com\/wp-content\/uploads\/cumplimiento-legal-empresas-abogado.jpg\" \/>\n\t<meta property=\"og:image:width\" content=\"1000\" \/>\n\t<meta property=\"og:image:height\" content=\"598\" \/>\n\t<meta property=\"og:image:type\" content=\"image\/jpeg\" \/>\n<meta name=\"twitter:card\" content=\"summary_large_image\" \/>\n<meta name=\"twitter:site\" content=\"@edorteam\" \/>\n<script type=\"application\/ld+json\" class=\"yoast-schema-graph\">{\"@context\":\"https:\\\/\\\/schema.org\",\"@graph\":[{\"@type\":\"WebPage\",\"@id\":\"https:\\\/\\\/nova.edorteam.com\\\/ca\\\/nosaltres\\\/\",\"url\":\"https:\\\/\\\/nova.edorteam.com\\\/ca\\\/nosaltres\\\/\",\"name\":\"Nosaltres - Edorteam\",\"isPartOf\":{\"@id\":\"https:\\\/\\\/nova.edorteam.com\\\/ca\\\/#website\"},\"datePublished\":\"2020-12-21T14:16:55+00:00\",\"dateModified\":\"2026-05-04T15:31:41+00:00\",\"description\":\"Nosaltres\",\"breadcrumb\":{\"@id\":\"https:\\\/\\\/nova.edorteam.com\\\/ca\\\/nosaltres\\\/#breadcrumb\"},\"inLanguage\":\"ca\",\"potentialAction\":[{\"@type\":\"ReadAction\",\"target\":[\"https:\\\/\\\/nova.edorteam.com\\\/ca\\\/nosaltres\\\/\"]}]},{\"@type\":\"BreadcrumbList\",\"@id\":\"https:\\\/\\\/nova.edorteam.com\\\/ca\\\/nosaltres\\\/#breadcrumb\",\"itemListElement\":[{\"@type\":\"ListItem\",\"position\":1,\"name\":\"Portada\",\"item\":\"https:\\\/\\\/nova.edorteam.com\\\/ca\\\/\"},{\"@type\":\"ListItem\",\"position\":2,\"name\":\"Nosaltres\"}]},{\"@type\":\"WebSite\",\"@id\":\"https:\\\/\\\/nova.edorteam.com\\\/ca\\\/#website\",\"url\":\"https:\\\/\\\/nova.edorteam.com\\\/ca\\\/\",\"name\":\"Consultor\u00eda Compliance y protecci\u00f3n de datos\",\"description\":\"Empresa de Ciberseguridad y Protecci\u00f3n de Datos\",\"publisher\":{\"@id\":\"https:\\\/\\\/nova.edorteam.com\\\/ca\\\/#organization\"},\"alternateName\":\"Edorteam\",\"potentialAction\":[{\"@type\":\"SearchAction\",\"target\":{\"@type\":\"EntryPoint\",\"urlTemplate\":\"https:\\\/\\\/nova.edorteam.com\\\/ca\\\/?s={search_term_string}\"},\"query-input\":{\"@type\":\"PropertyValueSpecification\",\"valueRequired\":true,\"valueName\":\"search_term_string\"}}],\"inLanguage\":\"ca\"},{\"@type\":\"Organization\",\"@id\":\"https:\\\/\\\/nova.edorteam.com\\\/ca\\\/#organization\",\"name\":\"Edorteam | Empresa de ciberseguretat i protecci\u00f3 de dades\",\"alternateName\":\"Edorteam\",\"url\":\"https:\\\/\\\/nova.edorteam.com\\\/ca\\\/\",\"logo\":{\"@type\":\"ImageObject\",\"inLanguage\":\"ca\",\"@id\":\"https:\\\/\\\/nova.edorteam.com\\\/ca\\\/#\\\/schema\\\/logo\\\/image\\\/\",\"url\":\"https:\\\/\\\/nova.edorteam.com\\\/wp-content\\\/uploads\\\/cropped-favicon.png\",\"contentUrl\":\"https:\\\/\\\/nova.edorteam.com\\\/wp-content\\\/uploads\\\/cropped-favicon.png\",\"width\":512,\"height\":512,\"caption\":\"Edorteam | Empresa de ciberseguretat i protecci\u00f3 de dades\"},\"image\":{\"@id\":\"https:\\\/\\\/nova.edorteam.com\\\/ca\\\/#\\\/schema\\\/logo\\\/image\\\/\"},\"sameAs\":[\"https:\\\/\\\/www.facebook.com\\\/edorteam\\\/\",\"https:\\\/\\\/x.com\\\/edorteam\",\"https:\\\/\\\/www.linkedin.com\\\/company\\\/edorteam\\\/\",\"https:\\\/\\\/www.instagram.com\\\/edorteam\\\/\"]}]}<\/script>\n<!-- \/ Yoast SEO plugin. -->","yoast_head_json":{"title":"Nosaltres - Edorteam","description":"Nosaltres","robots":{"index":"noindex","follow":"follow","max-snippet":"max-snippet:-1","max-image-preview":"max-image-preview:large","max-video-preview":"max-video-preview:-1"},"og_locale":"ca_ES","og_type":"article","og_title":"Nosaltres - Edorteam","og_description":"Nosaltres","og_url":"https:\/\/nova.edorteam.com\/ca\/nosaltres\/","og_site_name":"Edorteam","article_publisher":"https:\/\/www.facebook.com\/edorteam\/","article_modified_time":"2026-05-04T15:31:41+00:00","og_image":[{"width":1000,"height":598,"url":"https:\/\/nova.edorteam.com\/wp-content\/uploads\/cumplimiento-legal-empresas-abogado.jpg","type":"image\/jpeg"}],"twitter_card":"summary_large_image","twitter_site":"@edorteam","schema":{"@context":"https:\/\/schema.org","@graph":[{"@type":"WebPage","@id":"https:\/\/nova.edorteam.com\/ca\/nosaltres\/","url":"https:\/\/nova.edorteam.com\/ca\/nosaltres\/","name":"Nosaltres - Edorteam","isPartOf":{"@id":"https:\/\/nova.edorteam.com\/ca\/#website"},"datePublished":"2020-12-21T14:16:55+00:00","dateModified":"2026-05-04T15:31:41+00:00","description":"Nosaltres","breadcrumb":{"@id":"https:\/\/nova.edorteam.com\/ca\/nosaltres\/#breadcrumb"},"inLanguage":"ca","potentialAction":[{"@type":"ReadAction","target":["https:\/\/nova.edorteam.com\/ca\/nosaltres\/"]}]},{"@type":"BreadcrumbList","@id":"https:\/\/nova.edorteam.com\/ca\/nosaltres\/#breadcrumb","itemListElement":[{"@type":"ListItem","position":1,"name":"Portada","item":"https:\/\/nova.edorteam.com\/ca\/"},{"@type":"ListItem","position":2,"name":"Nosaltres"}]},{"@type":"WebSite","@id":"https:\/\/nova.edorteam.com\/ca\/#website","url":"https:\/\/nova.edorteam.com\/ca\/","name":"Consultor\u00eda Compliance y protecci\u00f3n de datos","description":"Empresa de Ciberseguridad y Protecci\u00f3n de Datos","publisher":{"@id":"https:\/\/nova.edorteam.com\/ca\/#organization"},"alternateName":"Edorteam","potentialAction":[{"@type":"SearchAction","target":{"@type":"EntryPoint","urlTemplate":"https:\/\/nova.edorteam.com\/ca\/?s={search_term_string}"},"query-input":{"@type":"PropertyValueSpecification","valueRequired":true,"valueName":"search_term_string"}}],"inLanguage":"ca"},{"@type":"Organization","@id":"https:\/\/nova.edorteam.com\/ca\/#organization","name":"Edorteam | Empresa de ciberseguretat i protecci\u00f3 de dades","alternateName":"Edorteam","url":"https:\/\/nova.edorteam.com\/ca\/","logo":{"@type":"ImageObject","inLanguage":"ca","@id":"https:\/\/nova.edorteam.com\/ca\/#\/schema\/logo\/image\/","url":"https:\/\/nova.edorteam.com\/wp-content\/uploads\/cropped-favicon.png","contentUrl":"https:\/\/nova.edorteam.com\/wp-content\/uploads\/cropped-favicon.png","width":512,"height":512,"caption":"Edorteam | Empresa de ciberseguretat i protecci\u00f3 de dades"},"image":{"@id":"https:\/\/nova.edorteam.com\/ca\/#\/schema\/logo\/image\/"},"sameAs":["https:\/\/www.facebook.com\/edorteam\/","https:\/\/x.com\/edorteam","https:\/\/www.linkedin.com\/company\/edorteam\/","https:\/\/www.instagram.com\/edorteam\/"]}]}},"_links":{"self":[{"href":"https:\/\/nova.edorteam.com\/ca\/wp-json\/wp\/v2\/pages\/6847","targetHints":{"allow":["GET"]}}],"collection":[{"href":"https:\/\/nova.edorteam.com\/ca\/wp-json\/wp\/v2\/pages"}],"about":[{"href":"https:\/\/nova.edorteam.com\/ca\/wp-json\/wp\/v2\/types\/page"}],"author":[{"embeddable":true,"href":"https:\/\/nova.edorteam.com\/ca\/wp-json\/wp\/v2\/users\/1"}],"replies":[{"embeddable":true,"href":"https:\/\/nova.edorteam.com\/ca\/wp-json\/wp\/v2\/comments?post=6847"}],"version-history":[{"count":4,"href":"https:\/\/nova.edorteam.com\/ca\/wp-json\/wp\/v2\/pages\/6847\/revisions"}],"predecessor-version":[{"id":20378,"href":"https:\/\/nova.edorteam.com\/ca\/wp-json\/wp\/v2\/pages\/6847\/revisions\/20378"}],"wp:attachment":[{"href":"https:\/\/nova.edorteam.com\/ca\/wp-json\/wp\/v2\/media?parent=6847"}],"curies":[{"name":"wp","href":"https:\/\/api.w.org\/{rel}","templated":true}]}}