{"id":6874,"date":"2020-12-21T12:07:41","date_gmt":"2020-12-21T11:07:41","guid":{"rendered":"https:\/\/edorteam.com\/area-clients\/"},"modified":"2026-05-04T17:31:37","modified_gmt":"2026-05-04T15:31:37","slug":"area-clients","status":"publish","type":"page","link":"https:\/\/nova.edorteam.com\/ca\/area-clients\/","title":{"rendered":"\u00c0rea clients"},"content":{"rendered":"<div class=\"et_pb_section_0 et_pb_section et_section_regular et_block_section et_animated\"><div class=\"et_pb_row_0 et_pb_row et_block_row\"><div class=\"et_pb_column_0 et_pb_column et_pb_column_4_4 et-last-child et_block_column et_pb_css_mix_blend_mode_passthrough\"><div class=\"et_pb_text_0 et_pb_text et_pb_bg_layout_light et_pb_module et_block_module\"><div class=\"et_pb_text_inner\"><h2>Accedeix a les aplicacions d'Edorteam<\/h2>\n<p>Per a accedir a qualsevol de les nostres aplicacions al n\u00favol necessitar\u00e0s connectar-te amb el teu nom <strong>d'usuari i contrassenya.<\/strong><br \/>Si no recordes les teves dades d'acc\u00e9s, si us plau, <strong><a href=\"https:\/\/nova.edorteam.com\/ca\/contacte\/\">contacta amb nosaltres.<\/a><\/strong><\/p>\n<p>&nbsp;<\/p>\n<\/div><\/div><\/div><\/div><\/div><div class=\"et_pb_section_1 et_pb_section et_section_regular et_block_section et_animated\"><div class=\"et_pb_row_1 et_pb_row et_pb_row_4col et_pb_equal_columns et_pb_gutters2 et_block_row et_block_row_4col\"><div class=\"et_pb_column_1 et_pb_column et_pb_column_1_4 et_block_column et_pb_css_mix_blend_mode_passthrough et_clickable\"><div class=\"et_pb_blurb_0 et_pb_blurb et_pb_bg_layout_dark et_pb_text_align_right et_pb_blurb_position_top et_pb_module et_block_module\"><div class=\"et_pb_blurb_content\"><div class=\"et_pb_main_blurb_image\"><span class=\"et_pb_image_wrap\"><span class=\"et-pb-icon et_animated et_animated\">\ue010<\/span><\/span><\/div><div class=\"et_pb_blurb_container\"><h2 class=\"et_pb_module_header\">Webmail<\/h2><\/div><\/div><\/div><\/div><div class=\"et_pb_column_2 et_pb_column et_pb_column_1_4 et_block_column et_pb_css_mix_blend_mode_passthrough et_clickable\"><div class=\"et_pb_blurb_1 et_pb_blurb et_pb_bg_layout_dark et_pb_text_align_right et_pb_blurb_position_top et_pb_module et_block_module\"><div class=\"et_pb_blurb_content\"><div class=\"et_pb_main_blurb_image\"><span class=\"et_pb_image_wrap et_pb_only_image_mode_wrap\"><img loading=\"lazy\" decoding=\"async\" src=\"https:\/\/nova.edorteam.com\/wp-content\/uploads\/gestion-lopd-compliance-profesionales.png\" width=\"1024\" height=\"1024\" srcset=\"https:\/\/nova.edorteam.com\/wp-content\/uploads\/gestion-lopd-compliance-profesionales.png 1024w, https:\/\/nova.edorteam.com\/wp-content\/uploads\/gestion-lopd-compliance-profesionales-980x980.png 980w, https:\/\/nova.edorteam.com\/wp-content\/uploads\/gestion-lopd-compliance-profesionales-480x480.png 480w\" sizes=\"(min-width: 0px) and (max-width: 480px) 480px, (min-width: 481px) and (max-width: 980px) 980px, (min-width: 981px) 1024px, 100vw\" class=\"et_animated wp-image-9482\" \/><\/span><\/div><div class=\"et_pb_blurb_container\"><h2 class=\"et_pb_module_header\">ET Legal<\/h2><\/div><\/div><\/div><\/div><div class=\"et_pb_column_3 et_pb_column et_pb_column_1_4 et_block_column et_pb_css_mix_blend_mode_passthrough et_clickable\"><div class=\"et_pb_blurb_2 et_pb_blurb et_pb_bg_layout_dark et_pb_text_align_right et_pb_blurb_position_top et_pb_module et_block_module\"><div class=\"et_pb_blurb_content\"><div class=\"et_pb_main_blurb_image\"><span class=\"et_pb_image_wrap et_pb_only_image_mode_wrap\"><img loading=\"lazy\" decoding=\"async\" src=\"https:\/\/nova.edorteam.com\/wp-content\/uploads\/gestion-documental-online.png\" width=\"300\" height=\"300\" srcset=\"https:\/\/nova.edorteam.com\/wp-content\/uploads\/\/gestion-documental-online.png 300w, https:\/\/nova.edorteam.com\/wp-content\/uploads\/\/gestion-documental-online-100x100.png 100w\" sizes=\"(max-width: 300px) 100vw, 300px\" class=\"et_animated wp-image-1702\" \/><\/span><\/div><div class=\"et_pb_blurb_container\"><h2 class=\"et_pb_module_header\">Edorteam DOCS<\/h2><\/div><\/div><\/div><\/div><div class=\"et_pb_column_4 et_pb_column et_pb_column_1_4 et-last-child et_block_column et_pb_css_mix_blend_mode_passthrough et_clickable\"><div class=\"et_pb_blurb_3 et_pb_blurb et_pb_bg_layout_dark et_pb_text_align_right et_pb_blurb_position_top et_pb_module et_block_module\"><div class=\"et_pb_blurb_content\"><div class=\"et_pb_main_blurb_image\"><span class=\"et_pb_image_wrap et_pb_only_image_mode_wrap\"><img loading=\"lazy\" decoding=\"async\" src=\"https:\/\/nova.edorteam.com\/wp-content\/uploads\/copia-seguridad-en-la-nube.png\" width=\"300\" height=\"300\" srcset=\"https:\/\/nova.edorteam.com\/wp-content\/uploads\/\/copia-seguridad-en-la-nube.png 300w, https:\/\/nova.edorteam.com\/wp-content\/uploads\/\/copia-seguridad-en-la-nube-100x100.png 100w\" sizes=\"(max-width: 300px) 100vw, 300px\" class=\"et_animated wp-image-1701\" \/><\/span><\/div><div class=\"et_pb_blurb_container\"><h2 class=\"et_pb_module_header\">Edorteam BACKUP<\/h2><\/div><\/div><\/div><\/div><\/div><div class=\"et_pb_row_2 et_pb_row et_pb_row_4col et_pb_equal_columns et_pb_gutters2 et_block_row et_block_row_4col\"><div class=\"et_pb_column_5 et_pb_column et_pb_column_1_4 et_block_column et_pb_css_mix_blend_mode_passthrough et_clickable\"><div class=\"et_pb_blurb_4 et_pb_blurb et_pb_bg_layout_dark et_pb_text_align_right et_pb_blurb_position_top et_pb_module et_block_module\"><div class=\"et_pb_blurb_content\"><div class=\"et_pb_main_blurb_image\"><span class=\"et_pb_image_wrap\"><span class=\"et-pb-icon et_animated et_animated\">\uf21d<\/span><\/span><\/div><div class=\"et_pb_blurb_container\"><h2 class=\"et_pb_module_header\">Edorteam CRM<\/h2><\/div><\/div><\/div><\/div><div class=\"et_pb_column_6 et_pb_column et_pb_column_1_4 et_block_column et_pb_css_mix_blend_mode_passthrough et_clickable\"><div class=\"et_pb_blurb_5 et_pb_blurb et_pb_bg_layout_dark et_pb_text_align_right et_pb_blurb_position_top et_pb_module et_block_module\"><div class=\"et_pb_blurb_content\"><div class=\"et_pb_main_blurb_image\"><span class=\"et_pb_image_wrap\"><span class=\"et-pb-icon et_animated et_animated\">\uf19d<\/span><\/span><\/div><div class=\"et_pb_blurb_container\"><h2 class=\"et_pb_module_header\">Aula de formaci\u00f3<\/h2><\/div><\/div><\/div><\/div><div class=\"et_pb_column_7 et_pb_column et_pb_column_1_4 et_block_column et_pb_css_mix_blend_mode_passthrough et_clickable\"><div class=\"et_pb_blurb_6 et_pb_blurb et_pb_bg_layout_dark et_pb_text_align_right et_pb_blurb_position_top et_pb_module et_block_module\"><div class=\"et_pb_blurb_content\"><div class=\"et_pb_main_blurb_image\"><span class=\"et_pb_image_wrap\"><span class=\"et-pb-icon et_animated et_animated\">\ue00e<\/span><\/span><\/div><div class=\"et_pb_blurb_container\"><h2 class=\"et_pb_module_header\">Assist\u00e8ncia remota<\/h2><\/div><\/div><\/div><\/div><div class=\"et_pb_column_8 et_pb_column et_pb_column_1_4 et-last-child et_block_column et_pb_column_empty et_pb_css_mix_blend_mode_passthrough\"><\/div><\/div><\/div>","protected":false},"excerpt":{"rendered":"","protected":false},"author":1,"featured_media":0,"parent":0,"menu_order":0,"comment_status":"closed","ping_status":"closed","template":"","meta":{"footnotes":""},"class_list":["post-6874","page","type-page","status-publish","hentry"],"yoast_head":"<!-- This site is optimized with the Yoast SEO plugin v27.5 - https:\/\/yoast.com\/product\/yoast-seo-wordpress\/ -->\n<title>\u00c0rea clients - Edorteam<\/title>\n<meta name=\"description\" content=\"\u00c0rea clients\" \/>\n<meta name=\"robots\" content=\"noindex, follow\" \/>\n<meta property=\"og:locale\" content=\"ca_ES\" \/>\n<meta property=\"og:type\" content=\"article\" \/>\n<meta property=\"og:title\" content=\"\u00c0rea clients - Edorteam\" \/>\n<meta property=\"og:description\" content=\"\u00c0rea clients\" \/>\n<meta property=\"og:url\" content=\"https:\/\/nova.edorteam.com\/ca\/area-clients\/\" \/>\n<meta property=\"og:site_name\" content=\"Edorteam\" \/>\n<meta property=\"article:publisher\" content=\"https:\/\/www.facebook.com\/edorteam\/\" \/>\n<meta property=\"article:modified_time\" content=\"2026-05-04T15:31:37+00:00\" \/>\n<meta property=\"og:image\" content=\"https:\/\/nova.edorteam.com\/wp-content\/uploads\/cumplimiento-legal-empresas-abogado.jpg\" \/>\n\t<meta property=\"og:image:width\" content=\"1000\" \/>\n\t<meta property=\"og:image:height\" content=\"598\" \/>\n\t<meta property=\"og:image:type\" content=\"image\/jpeg\" \/>\n<meta name=\"twitter:card\" content=\"summary_large_image\" \/>\n<meta name=\"twitter:site\" content=\"@edorteam\" \/>\n<script type=\"application\/ld+json\" class=\"yoast-schema-graph\">{\"@context\":\"https:\\\/\\\/schema.org\",\"@graph\":[{\"@type\":\"WebPage\",\"@id\":\"https:\\\/\\\/nova.edorteam.com\\\/ca\\\/area-clients\\\/\",\"url\":\"https:\\\/\\\/nova.edorteam.com\\\/ca\\\/area-clients\\\/\",\"name\":\"\u00c0rea clients - Edorteam\",\"isPartOf\":{\"@id\":\"https:\\\/\\\/nova.edorteam.com\\\/ca\\\/#website\"},\"datePublished\":\"2020-12-21T11:07:41+00:00\",\"dateModified\":\"2026-05-04T15:31:37+00:00\",\"description\":\"\u00c0rea clients\",\"breadcrumb\":{\"@id\":\"https:\\\/\\\/nova.edorteam.com\\\/ca\\\/area-clients\\\/#breadcrumb\"},\"inLanguage\":\"ca\",\"potentialAction\":[{\"@type\":\"ReadAction\",\"target\":[\"https:\\\/\\\/nova.edorteam.com\\\/ca\\\/area-clients\\\/\"]}]},{\"@type\":\"BreadcrumbList\",\"@id\":\"https:\\\/\\\/nova.edorteam.com\\\/ca\\\/area-clients\\\/#breadcrumb\",\"itemListElement\":[{\"@type\":\"ListItem\",\"position\":1,\"name\":\"Portada\",\"item\":\"https:\\\/\\\/nova.edorteam.com\\\/ca\\\/\"},{\"@type\":\"ListItem\",\"position\":2,\"name\":\"\u00c0rea clients\"}]},{\"@type\":\"WebSite\",\"@id\":\"https:\\\/\\\/nova.edorteam.com\\\/ca\\\/#website\",\"url\":\"https:\\\/\\\/nova.edorteam.com\\\/ca\\\/\",\"name\":\"Consultor\u00eda Compliance y protecci\u00f3n de datos\",\"description\":\"Empresa de Ciberseguridad y Protecci\u00f3n de Datos\",\"publisher\":{\"@id\":\"https:\\\/\\\/nova.edorteam.com\\\/ca\\\/#organization\"},\"alternateName\":\"Edorteam\",\"potentialAction\":[{\"@type\":\"SearchAction\",\"target\":{\"@type\":\"EntryPoint\",\"urlTemplate\":\"https:\\\/\\\/nova.edorteam.com\\\/ca\\\/?s={search_term_string}\"},\"query-input\":{\"@type\":\"PropertyValueSpecification\",\"valueRequired\":true,\"valueName\":\"search_term_string\"}}],\"inLanguage\":\"ca\"},{\"@type\":\"Organization\",\"@id\":\"https:\\\/\\\/nova.edorteam.com\\\/ca\\\/#organization\",\"name\":\"Edorteam | Empresa de ciberseguretat i protecci\u00f3 de dades\",\"alternateName\":\"Edorteam\",\"url\":\"https:\\\/\\\/nova.edorteam.com\\\/ca\\\/\",\"logo\":{\"@type\":\"ImageObject\",\"inLanguage\":\"ca\",\"@id\":\"https:\\\/\\\/nova.edorteam.com\\\/ca\\\/#\\\/schema\\\/logo\\\/image\\\/\",\"url\":\"https:\\\/\\\/nova.edorteam.com\\\/wp-content\\\/uploads\\\/cropped-favicon.png\",\"contentUrl\":\"https:\\\/\\\/nova.edorteam.com\\\/wp-content\\\/uploads\\\/cropped-favicon.png\",\"width\":512,\"height\":512,\"caption\":\"Edorteam | Empresa de ciberseguretat i protecci\u00f3 de dades\"},\"image\":{\"@id\":\"https:\\\/\\\/nova.edorteam.com\\\/ca\\\/#\\\/schema\\\/logo\\\/image\\\/\"},\"sameAs\":[\"https:\\\/\\\/www.facebook.com\\\/edorteam\\\/\",\"https:\\\/\\\/x.com\\\/edorteam\",\"https:\\\/\\\/www.linkedin.com\\\/company\\\/edorteam\\\/\",\"https:\\\/\\\/www.instagram.com\\\/edorteam\\\/\"]}]}<\/script>\n<!-- \/ Yoast SEO plugin. -->","yoast_head_json":{"title":"\u00c0rea clients - Edorteam","description":"\u00c0rea clients","robots":{"index":"noindex","follow":"follow"},"og_locale":"ca_ES","og_type":"article","og_title":"\u00c0rea clients - Edorteam","og_description":"\u00c0rea clients","og_url":"https:\/\/nova.edorteam.com\/ca\/area-clients\/","og_site_name":"Edorteam","article_publisher":"https:\/\/www.facebook.com\/edorteam\/","article_modified_time":"2026-05-04T15:31:37+00:00","og_image":[{"width":1000,"height":598,"url":"https:\/\/nova.edorteam.com\/wp-content\/uploads\/cumplimiento-legal-empresas-abogado.jpg","type":"image\/jpeg"}],"twitter_card":"summary_large_image","twitter_site":"@edorteam","schema":{"@context":"https:\/\/schema.org","@graph":[{"@type":"WebPage","@id":"https:\/\/nova.edorteam.com\/ca\/area-clients\/","url":"https:\/\/nova.edorteam.com\/ca\/area-clients\/","name":"\u00c0rea clients - Edorteam","isPartOf":{"@id":"https:\/\/nova.edorteam.com\/ca\/#website"},"datePublished":"2020-12-21T11:07:41+00:00","dateModified":"2026-05-04T15:31:37+00:00","description":"\u00c0rea clients","breadcrumb":{"@id":"https:\/\/nova.edorteam.com\/ca\/area-clients\/#breadcrumb"},"inLanguage":"ca","potentialAction":[{"@type":"ReadAction","target":["https:\/\/nova.edorteam.com\/ca\/area-clients\/"]}]},{"@type":"BreadcrumbList","@id":"https:\/\/nova.edorteam.com\/ca\/area-clients\/#breadcrumb","itemListElement":[{"@type":"ListItem","position":1,"name":"Portada","item":"https:\/\/nova.edorteam.com\/ca\/"},{"@type":"ListItem","position":2,"name":"\u00c0rea clients"}]},{"@type":"WebSite","@id":"https:\/\/nova.edorteam.com\/ca\/#website","url":"https:\/\/nova.edorteam.com\/ca\/","name":"Consultor\u00eda Compliance y protecci\u00f3n de datos","description":"Empresa de Ciberseguridad y Protecci\u00f3n de Datos","publisher":{"@id":"https:\/\/nova.edorteam.com\/ca\/#organization"},"alternateName":"Edorteam","potentialAction":[{"@type":"SearchAction","target":{"@type":"EntryPoint","urlTemplate":"https:\/\/nova.edorteam.com\/ca\/?s={search_term_string}"},"query-input":{"@type":"PropertyValueSpecification","valueRequired":true,"valueName":"search_term_string"}}],"inLanguage":"ca"},{"@type":"Organization","@id":"https:\/\/nova.edorteam.com\/ca\/#organization","name":"Edorteam | Empresa de ciberseguretat i protecci\u00f3 de dades","alternateName":"Edorteam","url":"https:\/\/nova.edorteam.com\/ca\/","logo":{"@type":"ImageObject","inLanguage":"ca","@id":"https:\/\/nova.edorteam.com\/ca\/#\/schema\/logo\/image\/","url":"https:\/\/nova.edorteam.com\/wp-content\/uploads\/cropped-favicon.png","contentUrl":"https:\/\/nova.edorteam.com\/wp-content\/uploads\/cropped-favicon.png","width":512,"height":512,"caption":"Edorteam | Empresa de ciberseguretat i protecci\u00f3 de dades"},"image":{"@id":"https:\/\/nova.edorteam.com\/ca\/#\/schema\/logo\/image\/"},"sameAs":["https:\/\/www.facebook.com\/edorteam\/","https:\/\/x.com\/edorteam","https:\/\/www.linkedin.com\/company\/edorteam\/","https:\/\/www.instagram.com\/edorteam\/"]}]}},"_links":{"self":[{"href":"https:\/\/nova.edorteam.com\/ca\/wp-json\/wp\/v2\/pages\/6874","targetHints":{"allow":["GET"]}}],"collection":[{"href":"https:\/\/nova.edorteam.com\/ca\/wp-json\/wp\/v2\/pages"}],"about":[{"href":"https:\/\/nova.edorteam.com\/ca\/wp-json\/wp\/v2\/types\/page"}],"author":[{"embeddable":true,"href":"https:\/\/nova.edorteam.com\/ca\/wp-json\/wp\/v2\/users\/1"}],"replies":[{"embeddable":true,"href":"https:\/\/nova.edorteam.com\/ca\/wp-json\/wp\/v2\/comments?post=6874"}],"version-history":[{"count":16,"href":"https:\/\/nova.edorteam.com\/ca\/wp-json\/wp\/v2\/pages\/6874\/revisions"}],"predecessor-version":[{"id":20375,"href":"https:\/\/nova.edorteam.com\/ca\/wp-json\/wp\/v2\/pages\/6874\/revisions\/20375"}],"wp:attachment":[{"href":"https:\/\/nova.edorteam.com\/ca\/wp-json\/wp\/v2\/media?parent=6874"}],"curies":[{"name":"wp","href":"https:\/\/api.w.org\/{rel}","templated":true}]}}