{"id":6366,"date":"2020-12-29T11:47:51","date_gmt":"2020-12-29T10:47:51","guid":{"rendered":"https:\/\/edorteam.com\/lpbc-consulting-money-laundering-prevention-law\/"},"modified":"2026-05-04T17:32:30","modified_gmt":"2026-05-04T15:32:30","slug":"lpbc-consulting-money-laundering-prevention-law","status":"publish","type":"page","link":"https:\/\/nova.edorteam.com\/en\/lpbc-consulting-money-laundering-prevention-law\/","title":{"rendered":"LPBC Consulting &#8211; Money Laundering Prevention Law"},"content":{"rendered":"<div class=\"et_pb_section_0 et_pb_section et_section_regular et_block_section\"><div class=\"et_pb_row_0 et_pb_row et_pb_equal_columns et_block_row\"><div class=\"et_pb_column_0 et_pb_column et_pb_column_1_2 et_block_column et_pb_css_mix_blend_mode_passthrough\"><div class=\"et_pb_text_0 et_pb_text et_pb_bg_layout_light et_pb_module et_block_module\"><div class=\"et_pb_text_inner\"><h2>Adapt your business to the AML Law (Anti-Money Laundering Law)<\/h2>\n<\/div><\/div><div class=\"et_pb_text_1 et_pb_text et_pb_bg_layout_light et_pb_module et_block_module\"><div class=\"et_pb_text_inner\"><p>If your company is among the entities obligated by <strong>Law 10\/2010 on the Prevention of Money Laundering<\/strong> and Terrorist Financing, our consulting service will provide you with an agile and effective adaptation with the minimum necessary investment.<\/p>\n<\/div><\/div><div class=\"et_pb_blurb_0 et_pb_blurb et_pb_bg_layout_light et_pb_blurb_position_left et_pb_module et_block_module\"><div class=\"et_pb_blurb_content\"><div class=\"et_pb_main_blurb_image\"><span class=\"et_pb_image_wrap\"><span class=\"et-pb-icon et_animated et_animated\">N<\/span><\/span><\/div><div class=\"et_pb_blurb_container\"><h3 class=\"et_pb_module_header\">Consulting firms, real estate agencies, and insurance companies are some of the obligated entities.<\/h3><\/div><\/div><\/div><div class=\"et_pb_blurb_1 et_pb_blurb et_pb_bg_layout_light et_pb_blurb_position_left et_pb_module et_block_module\"><div class=\"et_pb_blurb_content\"><div class=\"et_pb_main_blurb_image\"><span class=\"et_pb_image_wrap\"><span class=\"et-pb-icon et_animated et_animated\">N<\/span><\/span><\/div><div class=\"et_pb_blurb_container\"><h3 class=\"et_pb_module_header\">Training for the representative before SEPBLAC and the business team<\/h3><\/div><\/div><\/div><div class=\"et_pb_blurb_2 et_pb_blurb et_pb_bg_layout_light et_pb_blurb_position_left et_pb_module et_block_module\"><div class=\"et_pb_blurb_content\"><div class=\"et_pb_main_blurb_image\"><span class=\"et_pb_image_wrap\"><span class=\"et-pb-icon et_animated et_animated\">N<\/span><\/span><\/div><div class=\"et_pb_blurb_container\"><h3 class=\"et_pb_module_header\">Support to pass the annual external examination<\/h3><\/div><\/div><\/div><\/div><div class=\"et_pb_column_1 et_pb_column et_pb_column_1_2 et-last-child et_block_column et_pb_column_empty et_pb_css_mix_blend_mode_passthrough\"><\/div><\/div><\/div><div class=\"et_pb_section_1 et_pb_section et_section_regular et_block_section et_animated\"><div class=\"et_pb_row_1 et_pb_row et_block_row\"><div class=\"et_pb_column_2 et_pb_column et_pb_column_2_5 et_block_column et_pb_css_mix_blend_mode_passthrough\"><div class=\"et_pb_image_0 et_pb_image et_animated et_pb_module et_block_module\"><span class=\"et_pb_image_wrap\"><img loading=\"lazy\" decoding=\"async\" src=\"https:\/\/nova.edorteam.com\/wp-content\/uploads\/ley-blanqueo-capitales-lpbc-software.jpg\" width=\"509\" height=\"339\" srcset=\"https:\/\/nova.edorteam.com\/wp-content\/uploads\/ley-blanqueo-capitales-lpbc-software.jpg 509w\" sizes=\"(max-width: 509px) 100vw, 509px\" class=\"wp-image-2026\" title=\"law-money-laundering-lpbc-software\" alt=\"LPBC Consulting &#8211; Money Laundering Prevention Law\" \/><\/span><\/div><div class=\"et_pb_text_2 et_pb_text et_pb_bg_layout_light et_pb_module et_block_module\"><div class=\"et_pb_text_inner\"><h3>The LPBC affects any organization linked to the financial, tax, real estate, luxury sector, foundations, associations ... but also if it carries out operations of more than \u20ac 15,000.<\/h3>\n<\/div><\/div><div class=\"et_pb_divider_0 et_pb_divider et_pb_space et_pb_divider_position_top et_pb_module\"><div class=\"et_pb_divider_internal\"><\/div><\/div><\/div><div class=\"et_pb_column_3 et_pb_column et_pb_column_3_5 et-last-child et_block_column et_pb_css_mix_blend_mode_passthrough\"><div class=\"et_pb_text_3 et_pb_text et_pb_bg_layout_light et_pb_module et_block_module\"><div class=\"et_pb_text_inner\"><h2>Who is bound by the Money Laundering Prevention Law?<\/h2>\n<p>The LPBC indicates a long list of subjects obliged to comply with it: services of<strong> investment<\/strong> ,<strong> insurers<\/strong> , merchants of<strong> jewelry or art<\/strong> , companies of<strong> gambling<\/strong> ... As well as<strong> foundations<\/strong> Y<strong> associations<\/strong> .<\/p>\n<\/div><\/div><div class=\"et_pb_blurb_3 et_pb_blurb et_pb_bg_layout_light et_pb_blurb_position_left et_pb_module et_block_module\"><div class=\"et_pb_blurb_content\"><div class=\"et_pb_main_blurb_image\"><span class=\"et_pb_image_wrap\"><span class=\"et-pb-icon et_animated et_animated\">N<\/span><\/span><\/div><div class=\"et_pb_blurb_container\"><h3 class=\"et_pb_module_header\">Those linked to the financial and real estate sector<\/h3><\/div><\/div><\/div><div class=\"et_pb_blurb_4 et_pb_blurb et_pb_bg_layout_light et_pb_blurb_position_left et_pb_module et_block_module\"><div class=\"et_pb_blurb_content\"><div class=\"et_pb_main_blurb_image\"><span class=\"et_pb_image_wrap\"><span class=\"et-pb-icon et_animated et_animated\">N<\/span><\/span><\/div><div class=\"et_pb_blurb_container\"><h3 class=\"et_pb_module_header\">Those linked to the luxury sector: jewelry, art and antiques, watches, nautical ...<\/h3><\/div><\/div><\/div><div class=\"et_pb_blurb_5 et_pb_blurb et_pb_bg_layout_light et_pb_blurb_position_left et_pb_module et_block_module\"><div class=\"et_pb_blurb_content\"><div class=\"et_pb_main_blurb_image\"><span class=\"et_pb_image_wrap\"><span class=\"et-pb-icon et_animated et_animated\">N<\/span><\/span><\/div><div class=\"et_pb_blurb_container\"><h3 class=\"et_pb_module_header\">Those linked to the gambling and chance sector<\/h3><\/div><\/div><\/div><div class=\"et_pb_blurb_6 et_pb_blurb et_pb_bg_layout_light et_pb_blurb_position_left et_pb_module et_block_module\"><div class=\"et_pb_blurb_content\"><div class=\"et_pb_main_blurb_image\"><span class=\"et_pb_image_wrap\"><span class=\"et-pb-icon et_animated et_animated\">N<\/span><\/span><\/div><div class=\"et_pb_blurb_container\"><h3 class=\"et_pb_module_header\">Tax advisers, accountants, insurers, auditors, law firms ...<\/h3><\/div><\/div><\/div><div class=\"et_pb_blurb_7 et_pb_blurb et_pb_bg_layout_light et_pb_blurb_position_left et_pb_module et_block_module\"><div class=\"et_pb_blurb_content\"><div class=\"et_pb_main_blurb_image\"><span class=\"et_pb_image_wrap\"><span class=\"et-pb-icon et_animated et_animated\">N<\/span><\/span><\/div><div class=\"et_pb_blurb_container\"><h3 class=\"et_pb_module_header\">Those who carry out operations of more than \u20ac 15,000<\/h3><\/div><\/div><\/div><div class=\"et_pb_blurb_8 et_pb_blurb et_pb_bg_layout_light et_pb_blurb_position_left et_pb_module et_block_module\"><div class=\"et_pb_blurb_content\"><div class=\"et_pb_main_blurb_image\"><span class=\"et_pb_image_wrap\"><span class=\"et-pb-icon et_animated et_animated\">N<\/span><\/span><\/div><div class=\"et_pb_blurb_container\"><h3 class=\"et_pb_module_header\">Associations and foundations<\/h3><\/div><\/div><\/div><div class=\"et_pb_text_4 et_pb_text et_pb_bg_layout_light et_pb_module et_block_module\"><div class=\"et_pb_text_inner\"><p>These companies are obligated entities, <strong>not because they are suspected of laundering money, but because they are likely to be in contact with people who may be involved in these practices.<\/strong> The objective of complying with this law is to ensure that they know how to identify and are familiar with the protocols in case they detect practices related to money laundering.<\/p>\n<p>You can check the<a href=\"https:\/\/www.sepblac.es\/es\/sujetos-obligados\/preguntas-frecuentes\/\" target=\"_blank\" rel=\"noopener noreferrer\"> full list in this link<\/a> from the official website of SEPBLAC or<a href=\"#tellamamos\"> contact us<\/a> so that we can assess whether your organization is an obligated subject.<\/p>\n<\/div><\/div><\/div><\/div><\/div><div class=\"et_pb_section_2 et_pb_section et_section_regular et_block_section\"><div class=\"et_pb_row_2 et_pb_row et_block_row\"><div class=\"et_pb_column_4 et_pb_column et_pb_column_1_2 et_block_column et_pb_css_mix_blend_mode_passthrough\"><div class=\"et_pb_text_5 et_pb_text et_pb_bg_layout_light et_pb_module et_block_module\"><div class=\"et_pb_text_inner\"><h2>What are the penalties for violating the LPBC?<\/h2>\n<p>The sanctions will depend on whether the obliged subject incurs an infringement<strong> mild, severe and very severe<\/strong> . A breach of the due diligence obligations (prevention manual, training of your employees, etc.) will entail a sanction of between \u20ac 60,001 and \u20ac 150,000.<\/p>\n<p>Sanctions (fine, suspension or reprimand) may also be imposed on the<strong> management or management positions<\/strong> of the obligated subjects if they were responsible for the offense.<\/p>\n<\/div><\/div><\/div><div class=\"et_pb_column_5 et_pb_column et_pb_column_1_2 et-last-child et_block_column et_pb_css_mix_blend_mode_passthrough\"><div class=\"et_pb_tabs_0 et_pb_tabs et_pb_module\"><ul class=\"et_pb_tabs_controls clearfix\"><li class=\"et_pb_tab_nav_item_0 et_pb_tab_nav_item et_pb_tab_0 et_pb_tab_active\"><a class=\"et_pb_tab_nav_item_link\" href=\"#\">MAJOR<\/a><\/li><li class=\"et_pb_tab_nav_item_1 et_pb_tab_nav_item et_pb_tab_1\"><a class=\"et_pb_tab_nav_item_link\" href=\"#\">SEVERE<\/a><\/li><\/ul><div class=\"et_pb_all_tabs\"><div class=\"et_pb_tab_0 et_pb_tab clearfix et_pb_active_content et_pb_module et_block_module\"><div class=\"et_pb_tab_content\"><h3>Penalties of 150,000 to 10 million euros<\/h3>\n<ul>\n<li>A maximum of 10% of the annual turnover (previously it was 5%).<\/li>\n<li>Double the amount of the transaction for which it is sanctioned.<\/li>\n<li>If the benefits obtained from the operation can be determined, the penalty may amount to 5 times more than the benefits obtained.<\/li>\n<li>The positions responsible for the operation may be penalized with up to 10 million euros (previously the maximum was \u20ac 600,000).<\/li>\n<\/ul>\n<\/div><\/div><div class=\"et_pb_tab_1 et_pb_tab clearfix et_pb_module et_block_module\"><div class=\"et_pb_tab_content\"><h3>Penalties of 60,000 to 5 million euros<\/h3>\n<ul>\n<li>A maximum of 10% of the annual turnover.<\/li>\n<li>The amount of the transaction for which the penalty is penalized plus 50%.<\/li>\n<li>If the benefits obtained from the operation can be determined, the penalty may amount to 3 times the benefits obtained.<\/li>\n<li>The positions responsible for the operation may be punished with up to 5 million euros and 5 years of disqualification.<\/li>\n<\/ul>\n<\/div><\/div><\/div><\/div><\/div><\/div><\/div><div class=\"et_pb_section_3 et_pb_section et_section_regular et_block_section\"><div class=\"et_pb_row_3 et_pb_row et_block_row\"><div class=\"et_pb_column_6 et_pb_column et_pb_column_4_4 et-last-child et_block_column et_pb_css_mix_blend_mode_passthrough\"><div class=\"et_pb_text_6 et_pb_text et_pb_bg_layout_light et_pb_module et_block_module\"><div class=\"et_pb_text_inner\"><h2 id=\"consultoria\">Consulting for the Money Laundering Prevention Law comprises the following phases<\/h2>\n<\/div><\/div><\/div><\/div><div class=\"et_pb_row_4 et_pb_row et_pb_row_4col et_block_row et_block_row_4col\"><div class=\"et_pb_column_7 et_pb_column et_pb_column_1_4 et_block_column et_pb_css_mix_blend_mode_passthrough et_animated\"><div class=\"et_pb_text_7 et_pb_text et_pb_bg_layout_light et_pb_module et_block_module\"><div class=\"et_pb_text_inner\"><h3>Comprehensive analysis of the needs of your company<\/h3>\n<p>Previous study for the knowledge of the client and risk of money laundering.<\/p>\n<\/div><\/div><\/div><div class=\"et_pb_column_8 et_pb_column et_pb_column_1_4 et_block_column et_pb_css_mix_blend_mode_passthrough et_animated\"><div class=\"et_pb_text_8 et_pb_text et_pb_bg_layout_light et_pb_module et_block_module\"><div class=\"et_pb_text_inner\"><h3>Preparation of the Manual<\/h3>\n<p class=\"p1\">It includes the respective annexes with the forms and documents necessary for its application and the<strong> communication to SEPBLAC<\/strong> of a proposal for the appointment of a representative before the same of the obliged subject (Model F22).<\/p>\n<\/div><\/div><\/div><div class=\"et_pb_column_9 et_pb_column et_pb_column_1_4 et_block_column et_pb_css_mix_blend_mode_passthrough et_animated\"><div class=\"et_pb_text_9 et_pb_text et_pb_bg_layout_light et_pb_module et_block_module\"><div class=\"et_pb_text_inner\"><h3>Internal learning<\/h3>\n<p>Design of the annual training plan for employees, in order to comply with the provisions of article 29 of Law 10\/2010. Includes training of<strong> representative before the SEPBLAC<\/strong> (subsidized courses).<\/p>\n<\/div><\/div><\/div><div class=\"et_pb_column_10 et_pb_column et_pb_column_1_4 et-last-child et_block_column et_pb_css_mix_blend_mode_passthrough et_animated\"><div class=\"et_pb_text_10 et_pb_text et_pb_bg_layout_light et_pb_module et_block_module\"><div class=\"et_pb_text_inner\"><h3>Annual examination report<\/h3>\n<p>According to Order EHA 2444\/2007 of July 31, it will be carried out by an independent external expert duly accredited before the SEPBLAC (the exam is carried out remotely).<\/p>\n<\/div><\/div><\/div><\/div><\/div><div class=\"et_pb_section_4 et_pb_section et_section_regular et_block_section\"><div class=\"et_pb_row_5 et_pb_row et_block_row\"><div class=\"et_pb_column_11 et_pb_column et_pb_column_3_5 et_block_column et_pb_css_mix_blend_mode_passthrough\"><div class=\"et_pb_text_11 et_pb_text et_pb_bg_layout_light et_pb_module et_block_module\"><div class=\"et_pb_text_inner\"><h2>Relationship between the LPBC and the LOPD<\/h2>\n<p>Both laws are related by the<strong> processing of personal data and files<\/strong> , automated or not, that the obligated subject generates to comply with the LPBC. The treatment is governed by the obligations established in the LOPD.<\/p>\n<p>The Spanish Data Protection Agency (AEPD) is responsible for ensuring compliance with data protection legislation and controlling its application. <span style=\"font-size: 16px;\">It also exercises <strong>inspection and sanctioning powers<\/strong>, and may impose fines from \u20ac900 to \u20ac600,000 (minor, serious, or very serious) depending on the nature of the rights violated, the volume, the degree of intentionality, the recidivism, the damages caused, and any other relevant circumstance to determine the degree of culpability.<\/span><\/p>\n<p>To apply one or another sanction too<strong> circumstances will be taken into account<\/strong> such as the continued nature of the offense, the link between the activity of the offender and the treatment, the effect on the rights of minors, etc.<\/p>\n<\/div><\/div><\/div><div class=\"et_pb_column_12 et_pb_column et_pb_column_2_5 et-last-child et_block_column et_pb_css_mix_blend_mode_passthrough\"><div class=\"et_pb_image_1 et_pb_image et_animated et_pb_module et_block_module\"><span class=\"et_pb_image_wrap\"><img loading=\"lazy\" decoding=\"async\" src=\"https:\/\/nova.edorteam.com\/wp-content\/uploads\/asesor-lpbc-prevencion-blanqueo-capitales.jpg\" width=\"339\" height=\"509\" srcset=\"https:\/\/nova.edorteam.com\/wp-content\/uploads\/asesor-lpbc-prevencion-blanqueo-capitales.jpg 339w\" sizes=\"(max-width: 339px) 100vw, 339px\" class=\"wp-image-2019\" title=\"advisor-lpbc-prevention-money-laundering\" alt=\"Who is affected by the Money Laundering Prevention Act (LPBC)?\" \/><\/span><\/div><\/div><\/div><\/div>","protected":false},"excerpt":{"rendered":"","protected":false},"author":1,"featured_media":5692,"parent":0,"menu_order":0,"comment_status":"closed","ping_status":"closed","template":"","meta":{"footnotes":""},"class_list":["post-6366","page","type-page","status-publish","has-post-thumbnail","hentry"],"yoast_head":"<!-- This site is optimized with the Yoast SEO plugin v27.5 - https:\/\/yoast.com\/product\/yoast-seo-wordpress\/ -->\n<title>LPBC Consulting - Money Laundering Prevention Law<\/title>\n<meta name=\"description\" content=\"We analyze if you are a subject bound by the Money Laundering Prevention Law. Efficient consulting and minimal investment. Call now!\" \/>\n<meta name=\"robots\" content=\"noindex, follow, max-snippet:-1, max-image-preview:large, max-video-preview:-1\" \/>\n<meta property=\"og:locale\" content=\"en_US\" \/>\n<meta property=\"og:type\" content=\"article\" \/>\n<meta property=\"og:title\" content=\"LPBC Consulting - Money Laundering Prevention Law\" \/>\n<meta property=\"og:description\" content=\"We analyze if you are a subject bound by the Money Laundering Prevention Law. Efficient consulting and minimal investment. Call now!\" \/>\n<meta property=\"og:url\" content=\"https:\/\/nova.edorteam.com\/en\/lpbc-consulting-money-laundering-prevention-law\/\" \/>\n<meta property=\"og:site_name\" content=\"Edorteam\" \/>\n<meta property=\"article:publisher\" content=\"https:\/\/www.facebook.com\/edorteam\/\" \/>\n<meta property=\"article:modified_time\" content=\"2026-05-04T15:32:30+00:00\" \/>\n<meta property=\"og:image\" content=\"https:\/\/nova.edorteam.com\/wp-content\/uploads\/ley-blanqueo-capitales-lpbc-software.jpg\" \/>\n\t<meta property=\"og:image:width\" content=\"509\" \/>\n\t<meta property=\"og:image:height\" content=\"339\" \/>\n\t<meta property=\"og:image:type\" content=\"image\/jpeg\" \/>\n<meta name=\"twitter:card\" content=\"summary_large_image\" \/>\n<meta name=\"twitter:site\" content=\"@edorteam\" \/>\n<script type=\"application\/ld+json\" class=\"yoast-schema-graph\">{\"@context\":\"https:\\\/\\\/schema.org\",\"@graph\":[{\"@type\":\"WebPage\",\"@id\":\"https:\\\/\\\/nova.edorteam.com\\\/en\\\/lpbc-consulting-money-laundering-prevention-law\\\/\",\"url\":\"https:\\\/\\\/nova.edorteam.com\\\/en\\\/lpbc-consulting-money-laundering-prevention-law\\\/\",\"name\":\"LPBC Consulting - Money Laundering Prevention Law\",\"isPartOf\":{\"@id\":\"https:\\\/\\\/nova.edorteam.com\\\/en\\\/#website\"},\"primaryImageOfPage\":{\"@id\":\"https:\\\/\\\/nova.edorteam.com\\\/en\\\/lpbc-consulting-money-laundering-prevention-law\\\/#primaryimage\"},\"image\":{\"@id\":\"https:\\\/\\\/nova.edorteam.com\\\/en\\\/lpbc-consulting-money-laundering-prevention-law\\\/#primaryimage\"},\"thumbnailUrl\":\"https:\\\/\\\/nova.edorteam.com\\\/wp-content\\\/uploads\\\/ley-blanqueo-capitales-lpbc-software.jpg\",\"datePublished\":\"2020-12-29T10:47:51+00:00\",\"dateModified\":\"2026-05-04T15:32:30+00:00\",\"description\":\"We analyze if you are a subject bound by the Money Laundering Prevention Law. Efficient consulting and minimal investment. Call now!\",\"breadcrumb\":{\"@id\":\"https:\\\/\\\/nova.edorteam.com\\\/en\\\/lpbc-consulting-money-laundering-prevention-law\\\/#breadcrumb\"},\"inLanguage\":\"en-US\",\"potentialAction\":[{\"@type\":\"ReadAction\",\"target\":[\"https:\\\/\\\/nova.edorteam.com\\\/en\\\/lpbc-consulting-money-laundering-prevention-law\\\/\"]}]},{\"@type\":\"ImageObject\",\"inLanguage\":\"en-US\",\"@id\":\"https:\\\/\\\/nova.edorteam.com\\\/en\\\/lpbc-consulting-money-laundering-prevention-law\\\/#primaryimage\",\"url\":\"https:\\\/\\\/nova.edorteam.com\\\/wp-content\\\/uploads\\\/ley-blanqueo-capitales-lpbc-software.jpg\",\"contentUrl\":\"https:\\\/\\\/nova.edorteam.com\\\/wp-content\\\/uploads\\\/ley-blanqueo-capitales-lpbc-software.jpg\",\"width\":509,\"height\":339,\"caption\":\"Prevention of Money Laundering\"},{\"@type\":\"BreadcrumbList\",\"@id\":\"https:\\\/\\\/nova.edorteam.com\\\/en\\\/lpbc-consulting-money-laundering-prevention-law\\\/#breadcrumb\",\"itemListElement\":[{\"@type\":\"ListItem\",\"position\":1,\"name\":\"Portada\",\"item\":\"https:\\\/\\\/nova.edorteam.com\\\/en\\\/\"},{\"@type\":\"ListItem\",\"position\":2,\"name\":\"LPBC Consulting &#8211; Money Laundering Prevention Law\"}]},{\"@type\":\"WebSite\",\"@id\":\"https:\\\/\\\/nova.edorteam.com\\\/en\\\/#website\",\"url\":\"https:\\\/\\\/nova.edorteam.com\\\/en\\\/\",\"name\":\"Consultor\u00eda Compliance y protecci\u00f3n de datos\",\"description\":\"Empresa de Ciberseguridad y Protecci\u00f3n de Datos\",\"publisher\":{\"@id\":\"https:\\\/\\\/nova.edorteam.com\\\/en\\\/#organization\"},\"alternateName\":\"Edorteam\",\"potentialAction\":[{\"@type\":\"SearchAction\",\"target\":{\"@type\":\"EntryPoint\",\"urlTemplate\":\"https:\\\/\\\/nova.edorteam.com\\\/en\\\/?s={search_term_string}\"},\"query-input\":{\"@type\":\"PropertyValueSpecification\",\"valueRequired\":true,\"valueName\":\"search_term_string\"}}],\"inLanguage\":\"en-US\"},{\"@type\":\"Organization\",\"@id\":\"https:\\\/\\\/nova.edorteam.com\\\/en\\\/#organization\",\"name\":\"Edorteam | Cibersecurity services and data protection company\",\"alternateName\":\"Edorteam\",\"url\":\"https:\\\/\\\/nova.edorteam.com\\\/en\\\/\",\"logo\":{\"@type\":\"ImageObject\",\"inLanguage\":\"en-US\",\"@id\":\"https:\\\/\\\/nova.edorteam.com\\\/en\\\/#\\\/schema\\\/logo\\\/image\\\/\",\"url\":\"https:\\\/\\\/nova.edorteam.com\\\/wp-content\\\/uploads\\\/cropped-favicon.png\",\"contentUrl\":\"https:\\\/\\\/nova.edorteam.com\\\/wp-content\\\/uploads\\\/cropped-favicon.png\",\"width\":512,\"height\":512,\"caption\":\"Edorteam | Cibersecurity services and data protection company\"},\"image\":{\"@id\":\"https:\\\/\\\/nova.edorteam.com\\\/en\\\/#\\\/schema\\\/logo\\\/image\\\/\"},\"sameAs\":[\"https:\\\/\\\/www.facebook.com\\\/edorteam\\\/\",\"https:\\\/\\\/x.com\\\/edorteam\",\"https:\\\/\\\/www.linkedin.com\\\/company\\\/edorteam\\\/\",\"https:\\\/\\\/www.instagram.com\\\/edorteam\\\/\"]}]}<\/script>\n<!-- \/ Yoast SEO plugin. -->","yoast_head_json":{"title":"LPBC Consulting - Money Laundering Prevention Law","description":"We analyze if you are a subject bound by the Money Laundering Prevention Law. Efficient consulting and minimal investment. Call now!","robots":{"index":"noindex","follow":"follow","max-snippet":"max-snippet:-1","max-image-preview":"max-image-preview:large","max-video-preview":"max-video-preview:-1"},"og_locale":"en_US","og_type":"article","og_title":"LPBC Consulting - Money Laundering Prevention Law","og_description":"We analyze if you are a subject bound by the Money Laundering Prevention Law. Efficient consulting and minimal investment. Call now!","og_url":"https:\/\/nova.edorteam.com\/en\/lpbc-consulting-money-laundering-prevention-law\/","og_site_name":"Edorteam","article_publisher":"https:\/\/www.facebook.com\/edorteam\/","article_modified_time":"2026-05-04T15:32:30+00:00","og_image":[{"width":509,"height":339,"url":"https:\/\/nova.edorteam.com\/wp-content\/uploads\/ley-blanqueo-capitales-lpbc-software.jpg","type":"image\/jpeg"}],"twitter_card":"summary_large_image","twitter_site":"@edorteam","schema":{"@context":"https:\/\/schema.org","@graph":[{"@type":"WebPage","@id":"https:\/\/nova.edorteam.com\/en\/lpbc-consulting-money-laundering-prevention-law\/","url":"https:\/\/nova.edorteam.com\/en\/lpbc-consulting-money-laundering-prevention-law\/","name":"LPBC Consulting - Money Laundering Prevention Law","isPartOf":{"@id":"https:\/\/nova.edorteam.com\/en\/#website"},"primaryImageOfPage":{"@id":"https:\/\/nova.edorteam.com\/en\/lpbc-consulting-money-laundering-prevention-law\/#primaryimage"},"image":{"@id":"https:\/\/nova.edorteam.com\/en\/lpbc-consulting-money-laundering-prevention-law\/#primaryimage"},"thumbnailUrl":"https:\/\/nova.edorteam.com\/wp-content\/uploads\/ley-blanqueo-capitales-lpbc-software.jpg","datePublished":"2020-12-29T10:47:51+00:00","dateModified":"2026-05-04T15:32:30+00:00","description":"We analyze if you are a subject bound by the Money Laundering Prevention Law. Efficient consulting and minimal investment. Call now!","breadcrumb":{"@id":"https:\/\/nova.edorteam.com\/en\/lpbc-consulting-money-laundering-prevention-law\/#breadcrumb"},"inLanguage":"en-US","potentialAction":[{"@type":"ReadAction","target":["https:\/\/nova.edorteam.com\/en\/lpbc-consulting-money-laundering-prevention-law\/"]}]},{"@type":"ImageObject","inLanguage":"en-US","@id":"https:\/\/nova.edorteam.com\/en\/lpbc-consulting-money-laundering-prevention-law\/#primaryimage","url":"https:\/\/nova.edorteam.com\/wp-content\/uploads\/ley-blanqueo-capitales-lpbc-software.jpg","contentUrl":"https:\/\/nova.edorteam.com\/wp-content\/uploads\/ley-blanqueo-capitales-lpbc-software.jpg","width":509,"height":339,"caption":"Prevention of Money Laundering"},{"@type":"BreadcrumbList","@id":"https:\/\/nova.edorteam.com\/en\/lpbc-consulting-money-laundering-prevention-law\/#breadcrumb","itemListElement":[{"@type":"ListItem","position":1,"name":"Portada","item":"https:\/\/nova.edorteam.com\/en\/"},{"@type":"ListItem","position":2,"name":"LPBC Consulting &#8211; Money Laundering Prevention Law"}]},{"@type":"WebSite","@id":"https:\/\/nova.edorteam.com\/en\/#website","url":"https:\/\/nova.edorteam.com\/en\/","name":"Consultor\u00eda Compliance y protecci\u00f3n de datos","description":"Empresa de Ciberseguridad y Protecci\u00f3n de Datos","publisher":{"@id":"https:\/\/nova.edorteam.com\/en\/#organization"},"alternateName":"Edorteam","potentialAction":[{"@type":"SearchAction","target":{"@type":"EntryPoint","urlTemplate":"https:\/\/nova.edorteam.com\/en\/?s={search_term_string}"},"query-input":{"@type":"PropertyValueSpecification","valueRequired":true,"valueName":"search_term_string"}}],"inLanguage":"en-US"},{"@type":"Organization","@id":"https:\/\/nova.edorteam.com\/en\/#organization","name":"Edorteam | Cibersecurity services and data protection company","alternateName":"Edorteam","url":"https:\/\/nova.edorteam.com\/en\/","logo":{"@type":"ImageObject","inLanguage":"en-US","@id":"https:\/\/nova.edorteam.com\/en\/#\/schema\/logo\/image\/","url":"https:\/\/nova.edorteam.com\/wp-content\/uploads\/cropped-favicon.png","contentUrl":"https:\/\/nova.edorteam.com\/wp-content\/uploads\/cropped-favicon.png","width":512,"height":512,"caption":"Edorteam | Cibersecurity services and data protection company"},"image":{"@id":"https:\/\/nova.edorteam.com\/en\/#\/schema\/logo\/image\/"},"sameAs":["https:\/\/www.facebook.com\/edorteam\/","https:\/\/x.com\/edorteam","https:\/\/www.linkedin.com\/company\/edorteam\/","https:\/\/www.instagram.com\/edorteam\/"]}]}},"_links":{"self":[{"href":"https:\/\/nova.edorteam.com\/en\/wp-json\/wp\/v2\/pages\/6366","targetHints":{"allow":["GET"]}}],"collection":[{"href":"https:\/\/nova.edorteam.com\/en\/wp-json\/wp\/v2\/pages"}],"about":[{"href":"https:\/\/nova.edorteam.com\/en\/wp-json\/wp\/v2\/types\/page"}],"author":[{"embeddable":true,"href":"https:\/\/nova.edorteam.com\/en\/wp-json\/wp\/v2\/users\/1"}],"replies":[{"embeddable":true,"href":"https:\/\/nova.edorteam.com\/en\/wp-json\/wp\/v2\/comments?post=6366"}],"version-history":[{"count":5,"href":"https:\/\/nova.edorteam.com\/en\/wp-json\/wp\/v2\/pages\/6366\/revisions"}],"predecessor-version":[{"id":20409,"href":"https:\/\/nova.edorteam.com\/en\/wp-json\/wp\/v2\/pages\/6366\/revisions\/20409"}],"wp:featuredmedia":[{"embeddable":true,"href":"https:\/\/nova.edorteam.com\/en\/wp-json\/wp\/v2\/media\/5692"}],"wp:attachment":[{"href":"https:\/\/nova.edorteam.com\/en\/wp-json\/wp\/v2\/media?parent=6366"}],"curies":[{"name":"wp","href":"https:\/\/api.w.org\/{rel}","templated":true}]}}